{"id":9152,"date":"2025-08-17T14:53:26","date_gmt":"2025-08-17T12:53:26","guid":{"rendered":"https:\/\/culturefoodblog.de\/?page_id=9152"},"modified":"2025-08-17T14:53:53","modified_gmt":"2025-08-17T12:53:53","slug":"printversion-gefuellte-forellen","status":"publish","type":"page","link":"https:\/\/culturefoodblog.de\/en\/printversion-gefuellte-forellen\/","title":{"rendered":"Printversion &#8211; Gef\u00fcllte Forellen"},"content":{"rendered":"<div class=\"fusion-fullwidth fullwidth-box fusion-builder-row-1 fusion-flex-container has-pattern-background has-mask-background nonhundred-percent-fullwidth non-hundred-percent-height-scrolling\" style=\"--awb-border-radius-top-left:0px;--awb-border-radius-top-right:0px;--awb-border-radius-bottom-right:0px;--awb-border-radius-bottom-left:0px;--awb-padding-top:0px;--awb-padding-bottom:40px;--awb-background-color:var(--awb-color1);--awb-flex-wrap:wrap;\" ><div class=\"fusion-builder-row fusion-row fusion-flex-align-items-flex-start fusion-flex-content-wrap\" style=\"max-width:1248px;margin-left: calc(-4% \/ 2 );margin-right: calc(-4% \/ 2 );\"><div class=\"fusion-layout-column fusion_builder_column fusion-builder-column-0 fusion_builder_column_1_1 1_1 fusion-flex-column\" style=\"--awb-bg-size:cover;--awb-width-large:100%;--awb-margin-top-large:10px;--awb-spacing-right-large:1.92%;--awb-margin-bottom-large:25px;--awb-spacing-left-large:1.92%;--awb-width-medium:100%;--awb-spacing-right-medium:1.92%;--awb-spacing-left-medium:1.92%;--awb-width-small:100%;--awb-spacing-right-small:1.92%;--awb-spacing-left-small:1.92%;\"><div class=\"fusion-column-wrapper fusion-column-has-shadow fusion-flex-justify-content-flex-start fusion-content-layout-column\"><div class=\"fusion-image-element\" style=\"text-align:center;--awb-max-width:500px;--awb-caption-title-font-family:var(--h2_typography-font-family);--awb-caption-title-font-weight:var(--h2_typography-font-weight);--awb-caption-title-font-style:var(--h2_typography-font-style);--awb-caption-title-size:var(--h2_typography-font-size);--awb-caption-title-transform:var(--h2_typography-text-transform);--awb-caption-title-line-height:var(--h2_typography-line-height);--awb-caption-title-letter-spacing:var(--h2_typography-letter-spacing);\"><span class=\"fusion-imageframe imageframe-none imageframe-1 hover-type-none\"><a class=\"fusion-no-lightbox\" href=\"https:\/\/culturefoodblog.de\/en\/all-recipes\/\" target=\"_self\" aria-label=\"logo-1\"><img decoding=\"async\" width=\"200\" height=\"71\" src=\"https:\/\/culturefoodblog.de\/wp-content\/uploads\/2025\/04\/logo-1.png\" data-orig-src=\"https:\/\/culturefoodblog.de\/wp-content\/uploads\/2025\/04\/logo-1-200x71.png\" alt class=\"lazyload img-responsive wp-image-8215\" srcset=\"data:image\/svg+xml,%3Csvg%20xmlns%3D%27http%3A%2F%2Fwww.w3.org%2F2000%2Fsvg%27%20width%3D%27750%27%20height%3D%27265%27%20viewBox%3D%270%200%20750%20265%27%3E%3Crect%20width%3D%27750%27%20height%3D%27265%27%20fill-opacity%3D%220%22%2F%3E%3C%2Fsvg%3E\" data-srcset=\"https:\/\/culturefoodblog.de\/wp-content\/uploads\/2025\/04\/logo-1-200x71.png 200w, https:\/\/culturefoodblog.de\/wp-content\/uploads\/2025\/04\/logo-1-400x141.png 400w, https:\/\/culturefoodblog.de\/wp-content\/uploads\/2025\/04\/logo-1-600x212.png 600w, https:\/\/culturefoodblog.de\/wp-content\/uploads\/2025\/04\/logo-1.png 750w\" data-sizes=\"auto\" data-orig-sizes=\"(max-width: 1024px) 100vw, (max-width: 640px) 100vw, 200px\" \/><\/a><\/span><\/div><div class=\"fusion-title title fusion-title-1 fusion-sep-none fusion-title-text fusion-title-size-three\"><h3 class=\"fusion-title-heading title-heading-left fusion-responsive-typography-calculated\" style=\"margin:0;--fontSize:22;--minFontSize:22;line-height:var(--awb-typography1-line-height);\"><h3>Rezept \/ Zutaten: Gef\u00fcllte Forellen<\/h3><\/h3><\/div><div class=\"fusion-text fusion-text-1\"><ul>\n<li class=\"my-0 py-2 &#091;&amp;_strong:has(+br)&#093;:inline-block &#091;&amp;_strong:has(+br)&#093;:pb-2\">4-6 k\u00fcchenfertige Regenbogenforellen,<br \/>\nersatzweise Saibling oder Renken<\/li>\n<li>50 g Butter<\/li>\n<li>Natives Oliven\u00f6l extra vergine<\/li>\n<li>1 Zwiebel<\/li>\n<li>1 gro\u00dfe Karotte<\/li>\n<li>1 Stange Staudensellerie<\/li>\n<li>2 Knoblauchzehen<\/li>\n<li>4 EL gehackte glatte Petersilie<\/li>\n<li>1 Bund Basilikum<\/li>\n<li>2 EL Semmelbr\u00f6sel<\/li>\n<li>1 Eigelb<\/li>\n<li>50 ml trockener Wei\u00dfwein<\/li>\n<li>Salz, Pfeffer aus der M\u00fchle<\/li>\n<li>Kartoffeln (Drillinge passen besonders gut)<\/li>\n<\/ul>\n<\/div><div class=\"fusion-separator fusion-full-width-sep\" style=\"align-self: center;margin-left: auto;margin-right: auto;margin-top:40px;width:100%;\"><\/div><\/div><\/div><div class=\"fusion-layout-column fusion_builder_column fusion-builder-column-1 fusion_builder_column_1_1 1_1 fusion-flex-column\" style=\"--awb-bg-size:cover;--awb-width-large:100%;--awb-margin-top-large:0px;--awb-spacing-right-large:1.92%;--awb-margin-bottom-large:0px;--awb-spacing-left-large:1.92%;--awb-width-medium:100%;--awb-spacing-right-medium:1.92%;--awb-spacing-left-medium:1.92%;--awb-width-small:100%;--awb-spacing-right-small:1.92%;--awb-spacing-left-small:1.92%;\"><div class=\"fusion-column-wrapper fusion-flex-justify-content-flex-start fusion-content-layout-column\"><div class=\"fusion-title title fusion-title-2 fusion-sep-none fusion-title-text fusion-title-size-three\" style=\"--awb-margin-top:-50px;\"><h3 class=\"fusion-title-heading title-heading-left fusion-responsive-typography-calculated\" style=\"margin:0;--fontSize:22;--minFontSize:22;line-height:var(--awb-typography1-line-height);\"><h4>Schritt 1<\/h4><\/h3><\/div><div class=\"fusion-text fusion-text-2\" style=\"--awb-margin-top:-20px;\"><p>Die Forellen waschen, trockentupfen, innen und au\u00dfen salzen und pfeffern. Eine Auflauf- oder Metallform mit etwas Oliven\u00f6l einfetten. Die Fische mit den Bauch\u00f6ffnungen nach oben dicht nebeneinander in die Form setzen. Beiseite stellen.<\/p>\n<\/div><div class=\"fusion-title title fusion-title-3 fusion-sep-none fusion-title-text fusion-title-size-three\"><h3 class=\"fusion-title-heading title-heading-left fusion-responsive-typography-calculated\" style=\"margin:0;--fontSize:22;--minFontSize:22;line-height:var(--awb-typography1-line-height);\"><h4>Schritt 2<\/h4><\/h3><\/div><div class=\"fusion-text fusion-text-3\" style=\"--awb-margin-top:-20px;\"><p>Eine Mirepoix herstellen: Dazu Zwiebel und Kartotte sch\u00e4len und sehr fein w\u00fcrfeln. Sellerie waschen, mit den zarten Bl\u00e4ttchen fein hacken. Die Blattpetersilie fein hacken. Den Backofen auf 200\u00b0C. Ober und Unterhitze vorheizen (keine Umluft).<\/p>\n<\/div><div class=\"fusion-title title fusion-title-4 fusion-sep-none fusion-title-text fusion-title-size-three\"><h3 class=\"fusion-title-heading title-heading-left fusion-responsive-typography-calculated\" style=\"margin:0;--fontSize:22;--minFontSize:22;line-height:var(--awb-typography1-line-height);\"><h4>Schritt 3<\/h4><\/h3><\/div><div class=\"fusion-text fusion-text-4\" style=\"--awb-margin-top:-20px;\"><p>1 EL Butter und ein Schuss Oliven\u00f6l in einer Pfanne erhitzen. Knoblauch in einer Presse ausdr\u00fccken und leicht anbraten, bis der Knoblauch leicht Farbe annimmt. Das Gem\u00fcse hinzuf\u00fcgen und anbraten. 4 EL Wasser hinzuf\u00fcgen (Wasser\/Wein Mix geht auch) und alles zugedeckt mit mittlerer Hitze 6 Minuten d\u00fcnsten. Das Gem\u00fcse mit Salz und Pfeffer abschmecken.<\/p>\n<p>Je nachdem, wie das Gericht sp\u00e4ter angerichtet wird, ggfs. 1-2 EL Gem\u00fcsew\u00fcrfel beiseite stellen. Die Petersilie zu dem restlichen Gem\u00fcse hinzugeben.<\/p>\n<p>Das Wasser f\u00fcr die Kartoffeln aufsetzen und zum Kochen bringen.<\/p>\n<\/div><div class=\"fusion-title title fusion-title-5 fusion-sep-none fusion-title-text fusion-title-size-three\"><h3 class=\"fusion-title-heading title-heading-left fusion-responsive-typography-calculated\" style=\"margin:0;--fontSize:22;--minFontSize:22;line-height:var(--awb-typography1-line-height);\"><h4>Schritt 4<\/h4><\/h3><\/div><div class=\"fusion-text fusion-text-5\" style=\"--awb-margin-top:-20px;\"><p>Die Kartoffeln kochen.<br \/>\nSemmelbr\u00f6sel und Eigelb hintereinander unter das Gem\u00fcse mischen, das Ganze in die Forellen f\u00fcllen. 50 ml Wei\u00dfwein und 50 ml Wasser zwischen den Fischen in die Form gie\u00dfen. Die Auflaufform im Ofen 25 Minuten garen.<\/p>\n<\/div><div class=\"fusion-title title fusion-title-6 fusion-sep-none fusion-title-text fusion-title-size-three\"><h3 class=\"fusion-title-heading title-heading-left fusion-responsive-typography-calculated\" style=\"margin:0;--fontSize:22;--minFontSize:22;line-height:var(--awb-typography1-line-height);\"><h4>Schritt 5<\/h4><\/h3><\/div><div class=\"fusion-text fusion-text-6\" style=\"--awb-margin-top:-20px;\"><p>Die Basilikumbl\u00e4ttchen abzupfen. Die restliche Butter in einem kleinen Top oder Pf\u00e4nnchen erhitzen bis sie fl\u00fcssig ist, Basilikum darin schwenken und beiseite stellen.<br \/>\nDie Forellen aus dem Ofen holen, auf vorgew\u00e4rmte Teller legen, die Kartoffeln beilegen und alles mit der Basilikumbutter betr\u00e4ufeln. Sofort servieren.<\/p>\n<\/div><div class=\"fusion-separator fusion-full-width-sep\" style=\"align-self: center;margin-left: auto;margin-right: auto;margin-top:70px;width:100%;\"><\/div><div class=\"fusion-text fusion-text-7\" style=\"--awb-margin-top:-20px;\"><p><em><strong>Praxistipps<\/strong>:<\/em><\/p>\n<ul>\n<li>Die einfachste Variante: Fisch und Kartoffeln direkt auf den Teller legen und sofort servieren. So bleibt das Gericht sch\u00f6n hei\u00df \u2013 allerdings m\u00fcssen die G\u00e4ste die Forelle selbst filetieren, was f\u00fcr Unge\u00fcbte eine kleine Herausforderung sein kann.<\/li>\n<li>Komfortabler ist es, den Fisch bereits in der K\u00fcche zu filetieren und angerichtet zu servieren. Daf\u00fcr zun\u00e4chst Gem\u00fcse und Kartoffeln auf den Teller geben. Anschlie\u00dfend Kopf und Schwanzflosse entfernen, den Fisch vorsichtig mit einem L\u00f6ffel von der Mittelgr\u00e4te l\u00f6sen und die Filets mitsamt Haut als Schnitte auflegen.<\/li>\n<li>Wer es noch feiner mag, kann das beiseitegestellte Gem\u00fcse kurz in Butter schwenken und dekorativ auf den Tellern verteilen. Die Haut der Forelle wird entfernt, das Filet in gleichm\u00e4\u00dfige St\u00fccke geschnitten, auf dem Gem\u00fcse angerichtet und mit ein paar Kr\u00e4utern dekoriert. Diese Methode wirkt besonders elegant \u2013 allerdings k\u00fchlen die Zutaten schnell aus. Hier helfen vorgew\u00e4rmte Teller und eine W\u00e4rmelampe. Alternativ lassen sich die fertig angerichteten Teller auch noch einmal f\u00fcr zwei Minuten in den sehr hei\u00dfen Backofen stellen.<\/li>\n<\/ul>\n<\/div><div class=\"fusion-separator fusion-full-width-sep\" style=\"align-self: center;margin-left: auto;margin-right: auto;margin-top:70px;width:100%;\"><\/div><div class=\"fusion-text fusion-text-8\" style=\"--awb-margin-top:-20px;\"><p><strong><em>Weinempfehlung \/ Pairing:<\/em><\/strong><\/p>\n<ul class=\"marker:text-quiet list-disc\">\n<li class=\"py-0 my-0 prose-p:pt-0 prose-p:pb-2 prose-p:my-0 &#091;&amp;&gt;p&#093;:pt-0 &#091;&amp;&gt;p&#093;:pb-2 &#091;&amp;&gt;p&#093;:my-0\" style=\"box-sizing: border-box; scrollbar-width: initial; --tw-border-spacing-x: 0; --tw-border-spacing-y: 0; --tw-translate-x: 0; --tw-translate-y: 0; --tw-rotate: 0; --tw-skew-x: 0; --tw-skew-y: 0; --tw-scale-x: 1; --tw-scale-y: 1; --tw-scroll-snap-strictness: proximity; --tw-ring-offset-width: 0px; --tw-ring-offset-color: #fff; --tw-ring-color: rgb(59 130 246 \/ .5); --tw-ring-offset-shadow: 0 0 #0000; --tw-ring-shadow: 0 0 #0000; --tw-shadow: 0 0 #0000; --tw-shadow-colored: 0 0 #0000; margin-top: 0px; margin-bottom: 0px; padding-inline-start: 0.375em; padding-top: 0px; padding-bottom: 0px; border: 0px solid #e5e7eb;\">Allgemein gilt: Wei\u00dfweine harmonieren am besten mit Fisch, da Rotweine wegen ihres Tanningehalts den Geschmack fettiger Fischarten wie Forelle (mit ihrem feinen Fettanteil) beeintr\u00e4chtigen k\u00f6nnen.<\/li>\n<li>Chablis \u2013 mineralisch, klar und mit knackiger S\u00e4ure, ist geradezu ideal f\u00fcr dieses Forellenrezept. Au\u00dferdem passen Sauvignon Blanc, Riesling und andere Chardonnays, z. B. aus Kalifornien, S\u00fcdafrika oder Meursault.<\/li>\n<\/ul>\n<p>Weitere Weinempfehlungen gibt\u2019s auf unserer Seite \u2192 <a href=\"https:\/\/www.welcherweinzu.de\" target=\"_blank\" rel=\"noopener\">www.welcherweinzu.de<\/a><\/p>\n<\/div><div class=\"fusion-title title fusion-title-7 fusion-sep-none fusion-title-text fusion-title-size-three\"><h3 class=\"fusion-title-heading title-heading-left fusion-responsive-typography-calculated\" style=\"margin:0;--fontSize:22;--minFontSize:22;line-height:var(--awb-typography1-line-height);\"><h4>Gutes Gelingen und einen ebenso guten Appetit!<\/h4><\/h3><\/div><\/div><\/div><\/div><\/div>","protected":false},"excerpt":{"rendered":"","protected":false},"author":1,"featured_media":0,"parent":0,"menu_order":0,"comment_status":"closed","ping_status":"closed","template":"","meta":{"footnotes":""},"class_list":["post-9152","page","type-page","status-publish","hentry"],"yoast_head":"<!-- This site is optimized with the Yoast SEO plugin v25.4 - https:\/\/yoast.com\/wordpress\/plugins\/seo\/ -->\n<title>Printversion - Gef\u00fcllte Forellen - Culture Food Blog - Familie, Freunde &amp; Food<\/title>\n<meta name=\"robots\" content=\"index, follow, max-snippet:-1, max-image-preview:large, max-video-preview:-1\" \/>\n<link rel=\"canonical\" href=\"https:\/\/culturefoodblog.de\/en\/printversion-gefuellte-forellen\/\" \/>\n<meta property=\"og:locale\" content=\"en_GB\" \/>\n<meta property=\"og:type\" content=\"article\" \/>\n<meta property=\"og:title\" content=\"Printversion - Gef\u00fcllte Forellen - Culture Food Blog - Familie, Freunde &amp; Food\" \/>\n<meta property=\"og:url\" content=\"https:\/\/culturefoodblog.de\/en\/printversion-gefuellte-forellen\/\" \/>\n<meta property=\"og:site_name\" content=\"Culture Food Blog - Familie, Freunde &amp; Food\" \/>\n<meta property=\"article:publisher\" content=\"https:\/\/www.facebook.com\/culturefoodblog\" \/>\n<meta property=\"article:modified_time\" content=\"2025-08-17T12:53:53+00:00\" \/>\n<meta name=\"twitter:card\" content=\"summary_large_image\" \/>\n<meta name=\"twitter:label1\" content=\"Estimated reading time\" \/>\n\t<meta name=\"twitter:data1\" content=\"4 minutes\" \/>\n<script type=\"application\/ld+json\" class=\"yoast-schema-graph\">{\"@context\":\"https:\/\/schema.org\",\"@graph\":[{\"@type\":\"WebPage\",\"@id\":\"https:\/\/culturefoodblog.de\/printversion-gefuellte-forellen\/\",\"url\":\"https:\/\/culturefoodblog.de\/printversion-gefuellte-forellen\/\",\"name\":\"Printversion - Gef\u00fcllte Forellen - Culture Food Blog - Familie, Freunde &amp; Food\",\"isPartOf\":{\"@id\":\"https:\/\/culturefoodblog.de\/#website\"},\"datePublished\":\"2025-08-17T12:53:26+00:00\",\"dateModified\":\"2025-08-17T12:53:53+00:00\",\"breadcrumb\":{\"@id\":\"https:\/\/culturefoodblog.de\/printversion-gefuellte-forellen\/#breadcrumb\"},\"inLanguage\":\"en-GB\",\"potentialAction\":[{\"@type\":\"ReadAction\",\"target\":[\"https:\/\/culturefoodblog.de\/printversion-gefuellte-forellen\/\"]}]},{\"@type\":\"BreadcrumbList\",\"@id\":\"https:\/\/culturefoodblog.de\/printversion-gefuellte-forellen\/#breadcrumb\",\"itemListElement\":[{\"@type\":\"ListItem\",\"position\":1,\"name\":\"Startseite\",\"item\":\"https:\/\/culturefoodblog.de\/\"},{\"@type\":\"ListItem\",\"position\":2,\"name\":\"Printversion &#8211; Gef\u00fcllte Forellen\"}]},{\"@type\":\"WebSite\",\"@id\":\"https:\/\/culturefoodblog.de\/#website\",\"url\":\"https:\/\/culturefoodblog.de\/\",\"name\":\"Culture Food Blog - Familie, Freunde & Food\",\"description\":\"Ein kulinarisches Tagebuch f\u00fcr Genie\u00dfer\",\"potentialAction\":[{\"@type\":\"SearchAction\",\"target\":{\"@type\":\"EntryPoint\",\"urlTemplate\":\"https:\/\/culturefoodblog.de\/?s={search_term_string}\"},\"query-input\":{\"@type\":\"PropertyValueSpecification\",\"valueRequired\":true,\"valueName\":\"search_term_string\"}}],\"inLanguage\":\"en-GB\"}]}<\/script>\n<!-- \/ Yoast SEO plugin. -->","yoast_head_json":{"title":"Printversion - Gef\u00fcllte Forellen - Culture Food Blog - Familie, Freunde &amp; Food","robots":{"index":"index","follow":"follow","max-snippet":"max-snippet:-1","max-image-preview":"max-image-preview:large","max-video-preview":"max-video-preview:-1"},"canonical":"https:\/\/culturefoodblog.de\/en\/printversion-gefuellte-forellen\/","og_locale":"en_GB","og_type":"article","og_title":"Printversion - Gef\u00fcllte Forellen - Culture Food Blog - Familie, Freunde &amp; Food","og_url":"https:\/\/culturefoodblog.de\/en\/printversion-gefuellte-forellen\/","og_site_name":"Culture Food Blog - Familie, Freunde &amp; Food","article_publisher":"https:\/\/www.facebook.com\/culturefoodblog","article_modified_time":"2025-08-17T12:53:53+00:00","twitter_card":"summary_large_image","twitter_misc":{"Estimated reading time":"4 minutes"},"schema":{"@context":"https:\/\/schema.org","@graph":[{"@type":"WebPage","@id":"https:\/\/culturefoodblog.de\/printversion-gefuellte-forellen\/","url":"https:\/\/culturefoodblog.de\/printversion-gefuellte-forellen\/","name":"Printversion - Gef\u00fcllte Forellen - Culture Food Blog - Familie, Freunde &amp; Food","isPartOf":{"@id":"https:\/\/culturefoodblog.de\/#website"},"datePublished":"2025-08-17T12:53:26+00:00","dateModified":"2025-08-17T12:53:53+00:00","breadcrumb":{"@id":"https:\/\/culturefoodblog.de\/printversion-gefuellte-forellen\/#breadcrumb"},"inLanguage":"en-GB","potentialAction":[{"@type":"ReadAction","target":["https:\/\/culturefoodblog.de\/printversion-gefuellte-forellen\/"]}]},{"@type":"BreadcrumbList","@id":"https:\/\/culturefoodblog.de\/printversion-gefuellte-forellen\/#breadcrumb","itemListElement":[{"@type":"ListItem","position":1,"name":"Startseite","item":"https:\/\/culturefoodblog.de\/"},{"@type":"ListItem","position":2,"name":"Printversion &#8211; Gef\u00fcllte Forellen"}]},{"@type":"WebSite","@id":"https:\/\/culturefoodblog.de\/#website","url":"https:\/\/culturefoodblog.de\/","name":"Culture Food Blog - Familie, Freunde & Food","description":"Ein kulinarisches Tagebuch f\u00fcr Genie\u00dfer","potentialAction":[{"@type":"SearchAction","target":{"@type":"EntryPoint","urlTemplate":"https:\/\/culturefoodblog.de\/?s={search_term_string}"},"query-input":{"@type":"PropertyValueSpecification","valueRequired":true,"valueName":"search_term_string"}}],"inLanguage":"en-GB"}]}},"_links":{"self":[{"href":"https:\/\/culturefoodblog.de\/en\/wp-json\/wp\/v2\/pages\/9152","targetHints":{"allow":["GET"]}}],"collection":[{"href":"https:\/\/culturefoodblog.de\/en\/wp-json\/wp\/v2\/pages"}],"about":[{"href":"https:\/\/culturefoodblog.de\/en\/wp-json\/wp\/v2\/types\/page"}],"author":[{"embeddable":true,"href":"https:\/\/culturefoodblog.de\/en\/wp-json\/wp\/v2\/users\/1"}],"replies":[{"embeddable":true,"href":"https:\/\/culturefoodblog.de\/en\/wp-json\/wp\/v2\/comments?post=9152"}],"version-history":[{"count":2,"href":"https:\/\/culturefoodblog.de\/en\/wp-json\/wp\/v2\/pages\/9152\/revisions"}],"predecessor-version":[{"id":9154,"href":"https:\/\/culturefoodblog.de\/en\/wp-json\/wp\/v2\/pages\/9152\/revisions\/9154"}],"wp:attachment":[{"href":"https:\/\/culturefoodblog.de\/en\/wp-json\/wp\/v2\/media?parent=9152"}],"curies":[{"name":"wp","href":"https:\/\/api.w.org\/{rel}","templated":true}]}}