{"id":8666,"date":"2025-04-27T11:38:00","date_gmt":"2025-04-27T09:38:00","guid":{"rendered":"https:\/\/culturefoodblog.de\/?page_id=8666"},"modified":"2025-04-27T11:44:58","modified_gmt":"2025-04-27T09:44:58","slug":"printversion-lammkeule-marokkanisch","status":"publish","type":"page","link":"https:\/\/culturefoodblog.de\/en\/printversion-lammkeule-marokkanisch\/","title":{"rendered":"Printversion &#8211; Lammkeule marokkanisch"},"content":{"rendered":"<div class=\"fusion-fullwidth fullwidth-box fusion-builder-row-1 fusion-flex-container has-pattern-background has-mask-background nonhundred-percent-fullwidth non-hundred-percent-height-scrolling\" style=\"--awb-border-radius-top-left:0px;--awb-border-radius-top-right:0px;--awb-border-radius-bottom-right:0px;--awb-border-radius-bottom-left:0px;--awb-padding-top:0px;--awb-padding-bottom:40px;--awb-background-color:var(--awb-color1);--awb-flex-wrap:wrap;\" ><div class=\"fusion-builder-row fusion-row fusion-flex-align-items-flex-start fusion-flex-content-wrap\" style=\"max-width:1248px;margin-left: calc(-4% \/ 2 );margin-right: calc(-4% \/ 2 );\"><div class=\"fusion-layout-column fusion_builder_column fusion-builder-column-0 fusion_builder_column_1_1 1_1 fusion-flex-column\" style=\"--awb-bg-size:cover;--awb-width-large:100%;--awb-margin-top-large:0px;--awb-spacing-right-large:1.92%;--awb-margin-bottom-large:0px;--awb-spacing-left-large:1.92%;--awb-width-medium:100%;--awb-spacing-right-medium:1.92%;--awb-spacing-left-medium:1.92%;--awb-width-small:100%;--awb-spacing-right-small:1.92%;--awb-spacing-left-small:1.92%;\"><div class=\"fusion-column-wrapper fusion-flex-justify-content-flex-start fusion-content-layout-column\"><div class=\"fusion-image-element\" style=\"text-align:center;--awb-max-width:500px;--awb-caption-title-font-family:var(--h2_typography-font-family);--awb-caption-title-font-weight:var(--h2_typography-font-weight);--awb-caption-title-font-style:var(--h2_typography-font-style);--awb-caption-title-size:var(--h2_typography-font-size);--awb-caption-title-transform:var(--h2_typography-text-transform);--awb-caption-title-line-height:var(--h2_typography-line-height);--awb-caption-title-letter-spacing:var(--h2_typography-letter-spacing);\"><span class=\"fusion-imageframe imageframe-none imageframe-1 hover-type-none\"><a class=\"fusion-no-lightbox\" href=\"https:\/\/culturefoodblog.de\/en\/all-recipes\/\" target=\"_self\" aria-label=\"logo-1\"><img decoding=\"async\" width=\"200\" height=\"71\" src=\"https:\/\/culturefoodblog.de\/wp-content\/uploads\/2025\/04\/logo-1.png\" data-orig-src=\"https:\/\/culturefoodblog.de\/wp-content\/uploads\/2025\/04\/logo-1-200x71.png\" alt class=\"lazyload img-responsive wp-image-8215\" srcset=\"data:image\/svg+xml,%3Csvg%20xmlns%3D%27http%3A%2F%2Fwww.w3.org%2F2000%2Fsvg%27%20width%3D%27750%27%20height%3D%27265%27%20viewBox%3D%270%200%20750%20265%27%3E%3Crect%20width%3D%27750%27%20height%3D%27265%27%20fill-opacity%3D%220%22%2F%3E%3C%2Fsvg%3E\" data-srcset=\"https:\/\/culturefoodblog.de\/wp-content\/uploads\/2025\/04\/logo-1-200x71.png 200w, https:\/\/culturefoodblog.de\/wp-content\/uploads\/2025\/04\/logo-1-400x141.png 400w, https:\/\/culturefoodblog.de\/wp-content\/uploads\/2025\/04\/logo-1-600x212.png 600w, https:\/\/culturefoodblog.de\/wp-content\/uploads\/2025\/04\/logo-1.png 750w\" data-sizes=\"auto\" data-orig-sizes=\"(max-width: 1024px) 100vw, (max-width: 640px) 100vw, 200px\" \/><\/a><\/span><\/div><div class=\"fusion-title title fusion-title-1 fusion-sep-none fusion-title-text fusion-title-size-three\"><h3 class=\"fusion-title-heading title-heading-left fusion-responsive-typography-calculated\" style=\"margin:0;--fontSize:22;--minFontSize:22;line-height:var(--awb-typography1-line-height);\"><h3>Rezept \/ Zutaten: Lammkeule mit Wachteleiern, Rosinen, Minze und Orangen<\/h3><\/h3><\/div><div class=\"fusion-text fusion-text-1\"><p>1 Lammkeule mit Knochen<br \/>\n12 Wachteleier<\/p>\n<ul>\n<li>2 Knollen Knoblauch<\/li>\n<li>4 Zwiebeln<\/li>\n<li>4 Karotten<\/li>\n<li>5 mittelgro\u00dfe festkochende Kartoffeln<\/li>\n<li>3 Stangen Lauch<\/li>\n<li>1 gro\u00dfe, reife Tomate (im Sommer\/Herbst)<\/li>\n<li>\u00bd Dose ganze Pelati Tomaten (im Winter\/Fr\u00fchjahr)<\/li>\n<li>70 g Tomatenmark<\/li>\n<li>1 Bio-Orange<\/li>\n<li>25 g Rosinen<\/li>\n<li>Optional: 2 EL blanchierte Mandeln (ungesalzen)<\/li>\n<li>Optional: 4 getrocknete Aprikosen, Datteln oder Mispeln<\/li>\n<\/ul>\n<ul>\n<li>10 Thymianzweige<\/li>\n<li>4 Zweige Salbei<\/li>\n<li>1 Bund Minze (15 g Bl\u00e4tter, frisch gehackt)<\/li>\n<li>2 TL gemahlener Kreuzk\u00fcmmel (Cumin)<\/li>\n<li>1 TL Paprikapulver<\/li>\n<li>1 TL ausgepresster, frischer Ingwer (oder getrockneter Ingwer)<\/li>\n<li>1 EL Rohrzucker<\/li>\n<li>3 EL fl\u00fcssiger Honig<\/li>\n<li>\u00bd l Wasser<\/li>\n<li>Salz, schwarzer Pfeffer aus der M\u00fchle, Oliven\u00f6l<\/li>\n<\/ul>\n<p>Fladenbrot, Baguette oder Couscous als Beilage<\/p>\n<\/div><div class=\"fusion-separator fusion-full-width-sep\" style=\"align-self: center;margin-left: auto;margin-right: auto;margin-top:70px;width:100%;\"><\/div><div class=\"fusion-title title fusion-title-2 fusion-sep-none fusion-title-text fusion-title-size-three\" style=\"--awb-margin-top:-50px;\"><h3 class=\"fusion-title-heading title-heading-left fusion-responsive-typography-calculated\" style=\"margin:0;--fontSize:22;--minFontSize:22;line-height:var(--awb-typography1-line-height);\"><h4>Schritt 1<\/h4><\/h3><\/div><div class=\"fusion-text fusion-text-2\" style=\"--awb-margin-top:-20px;\"><p>Die Lammkeule kr\u00e4ftig mit Salz und Pfeffer, dem Ingwer, dem Kreuzk\u00fcmmel und dem Paprikaoulver einreiben. Das Oliven\u00f6l in einem gro\u00dfen Br\u00e4ter oder in einem ofenfesten Topf erhitzen. Die Lammkeule darin etwa 6 Minuten von allen Seiten anbraten, dann aus dem Br\u00e4ter nehmen. Das Fleisch bis zum Weiterverarbeiten ruhen lassen.<\/p>\n<p>Die Zwiebeln, die Karotten und die Kartoffeln sch\u00e4len und jeweils in gro\u00dfe W\u00fcrfel schneiden. Den Lauch putzen und in dicke Ringe schneiden. Die Tomate in gro\u00dfe St\u00fccke schneiden.<br \/>\nDen Boden eines B\u00e4ters mit Brat-Oliven\u00f6l oder Butterschmalz bedecken. Die Knoblauchknollen halbieren und mit der Schnittseite nach unten in den Br\u00e4ter legen. Die Kartoffeln dazugeben.<\/p>\n<\/div><div class=\"fusion-title title fusion-title-3 fusion-sep-none fusion-title-text fusion-title-size-three\"><h3 class=\"fusion-title-heading title-heading-left fusion-responsive-typography-calculated\" style=\"margin:0;--fontSize:22;--minFontSize:22;line-height:var(--awb-typography1-line-height);\"><h4>Schritt 2<\/h4><\/h3><\/div><div class=\"fusion-text fusion-text-3\" style=\"--awb-margin-top:-20px;\"><p>Das Gem\u00fcse in den Br\u00e4ter geben. Von 5 Thymianzweigen die Bl\u00e4ttchen abzupfen und auf das Gem\u00fcse streuen. Nach Belieben mit Salz und Pfeffer w\u00fcrzen. Den Br\u00e4ter auf einer gro\u00dfen Herdplatte erhitzen und kurz anbraten, dann 15 Minuten bei schwacher Hitze weitergaren. Den Knoblauch entfernen, sobald er weich ist, aber noch nicht bitter schmeckt. Das Gem\u00fcse weitere 10 Minuten garen, bis die Fl\u00fcssigkeit verkocht ist.<\/p>\n<\/div><div class=\"fusion-title title fusion-title-4 fusion-sep-none fusion-title-text fusion-title-size-three\"><h3 class=\"fusion-title-heading title-heading-left fusion-responsive-typography-calculated\" style=\"margin:0;--fontSize:22;--minFontSize:22;line-height:var(--awb-typography1-line-height);\"><h4>Schritt 3<\/h4><\/h3><\/div><div class=\"fusion-text fusion-text-4\" style=\"--awb-margin-top:-20px;\"><p>Den Salbei fein hacken. Von den restlichen Thymianzweigen die Bl\u00e4ttchen abzupfen. Den Salbei, den Thymian, die Rosinen (und ggfs. die Mispeln-, Dattel- oder Aprikosenst\u00fcckchen), die Mandeln und das Tomatenmark unter das Gem\u00fcse r\u00fchren und alles zusammen 2 Minuten aufkochen. Dann den Br\u00e4ter vom Herd nehmen. Den Backofen auf 200 \u00b0C vorheizen.<\/p>\n<\/div><div class=\"fusion-title title fusion-title-5 fusion-sep-none fusion-title-text fusion-title-size-three\"><h3 class=\"fusion-title-heading title-heading-left fusion-responsive-typography-calculated\" style=\"margin:0;--fontSize:22;--minFontSize:22;line-height:var(--awb-typography1-line-height);\"><h4>Schritt 4<\/h4><\/h3><\/div><div class=\"fusion-text fusion-text-5\" style=\"--awb-margin-top:-20px;\"><p>\u00bd l Wasser zu dem Gem\u00fcse in den Br\u00e4ter gie\u00dfen und die Lammkeule auf das Gem\u00fcse legen. Die Minze fein hacken, auf die Keule streuen und die Schale der Bio-Orange dar\u00fcberreiben. Dann die Orange auspressen, ein wenig Saft \u00fcber die Keule tr\u00e4ufeln und den Rest seitlich in den Br\u00e4ter gie\u00dfen. Den Br\u00e4ter mit Aluminiumfolie oder einem Deckel verschlie\u00dfen und f\u00fcr etwa 2 Stunden in den vorgeheizten Backofen stellen. Die Garzeit variiert je nach Gewicht \u2013 wer ein Bratenthermometer hat: Bei 65\u00b0C. Kerntemperatur ist sie perfekt und noch leicht rosa, bei 68\u00b0C. ist sie durchgebraten.<\/p>\n<\/div><div class=\"fusion-title title fusion-title-6 fusion-sep-none fusion-title-text fusion-title-size-three\"><h3 class=\"fusion-title-heading title-heading-left fusion-responsive-typography-calculated\" style=\"margin:0;--fontSize:22;--minFontSize:22;line-height:var(--awb-typography1-line-height);\"><h4>Schritt 5<\/h4><\/h3><\/div><div class=\"fusion-text fusion-text-6\" style=\"--awb-margin-top:-20px;\"><p>Inzwischen die Wachteleier in einen Stieltopf geben, mit Wasser auff\u00fcllen und dieses zum Kochen bringen. Die Wachteleier \u2013 wenn sie weich sein sollen \u2013 etwa 2 Minuten bei mittlerer Temperatur kochen. Wenn sie hart sein sollen, die Eier 3 Minuten kochen und im Eiswasser abschrecken. Die abgek\u00fchlten Eier sch\u00e4len.<\/p>\n<\/div><div class=\"fusion-title title fusion-title-7 fusion-sep-none fusion-title-text fusion-title-size-three\"><h3 class=\"fusion-title-heading title-heading-left fusion-responsive-typography-calculated\" style=\"margin:0;--fontSize:22;--minFontSize:22;line-height:var(--awb-typography1-line-height);\"><h4>Schritt 6<\/h4><\/h3><\/div><div class=\"fusion-text fusion-text-7\" style=\"--awb-margin-top:-20px;\"><p>Sobald die Lammkeule gar ist, den Br\u00e4ter aus dem Ofen nehmen, die Keule aus dem Br\u00e4ter heben und auf ein gro\u00dfes Brett oder eine Servierplatte legen. Das Gem\u00fcse aus dem Br\u00e4ter sch\u00f6pfen und in einer Sch\u00fcssel warm halten. Es kann sp\u00e4ter in kleinen Sch\u00e4lchen als Beilage serviert werden.<\/p>\n<p>Den Zucker und den Honig in den Bratensatz im Br\u00e4ter einr\u00fchren und mit einem Schneebesen kr\u00e4ftig verquirlen, so dass sich alles gut aufl\u00f6st. Die Lammkeule wieder in den Br\u00e4ter legen und die Oberfl\u00e4che mit dem Sud benetzen. Sollte sich Bratensaft auf der Platte gesammelt haben, diesen ebenfalls in den Br\u00e4ter gie\u00dfen<\/p>\n<p>Den Br\u00e4ter ohne Deckel\/Folie zur\u00fcck in den Backofen schieben. Die Lammkeule zweimal im Abstand von 5 Minuten mit dem Bratensaft \u00fcbergie\u00dfen. Dann den Ofen ausschalten. Die Haut ist nun relativ dunkel \u2013 das ist ok und muss so sein. Jetzt den Br\u00e4ter wieder aus dem Ofen nehmen. Die Lammkeule mit Paprika- und Kreuzk\u00fcmmelpulver bestreuen. Vor dem Anschneiden und dem Servieren sollte die Keule noch 10 Minuten ruhen.<\/p>\n<\/div><div class=\"fusion-title title fusion-title-8 fusion-sep-none fusion-title-text fusion-title-size-three\"><h3 class=\"fusion-title-heading title-heading-left fusion-responsive-typography-calculated\" style=\"margin:0;--fontSize:22;--minFontSize:22;line-height:var(--awb-typography1-line-height);\"><h4>Schritt 7<\/h4><\/h3><\/div><div class=\"fusion-text fusion-text-8\" style=\"--awb-margin-top:-20px;\"><p>Das Fleisch in Scheiben schneiden und auf vorgew\u00e4rmten Tellern mit den Wachteleiern und etwas Bratenso\u00dfe anrichten. Dazu passt Fladenbrot oder Couscous und das geschmorte Gem\u00fcse.<\/p>\n<\/div><div class=\"fusion-separator fusion-full-width-sep\" style=\"align-self: center;margin-left: auto;margin-right: auto;margin-top:70px;width:100%;\"><\/div><div class=\"fusion-text fusion-text-9\" style=\"--awb-margin-top:-20px;\"><p><em>Weinempfehlung:<\/em> Zu diesem w\u00fcrzigen Lammgericht passen fruchtige, junge Rote besonders gut: Blaufr\u00e4nkisch, Beaujolais, Tempranillo, Sangiovese, Merlot, Shiraz. Auch Weine aus dem Languedoc (Bourdic, Corbieres, Fitou) eignen sich gut zu diesem marokkanischen Gericht: Versuchen Sie einmal Carignan, Grenache , Syrah oder Mourv\u00e8dre.<\/p>\n<p>Weitere Weinempfehlungen gibt&#8217;s auf unserer Seite \u2192 <a href=\"https:\/\/www.welcherweinzu.de\" target=\"_blank\" rel=\"noopener\">www.welcherweinzu.de<\/a><\/p>\n<\/div><\/div><\/div><\/div><\/div>","protected":false},"excerpt":{"rendered":"","protected":false},"author":1,"featured_media":0,"parent":0,"menu_order":0,"comment_status":"closed","ping_status":"closed","template":"","meta":{"footnotes":""},"class_list":["post-8666","page","type-page","status-publish","hentry"],"yoast_head":"<!-- This site is optimized with the Yoast SEO plugin v25.4 - https:\/\/yoast.com\/wordpress\/plugins\/seo\/ -->\n<title>Printversion - Lammkeule marokkanisch - Culture Food Blog - Familie, Freunde &amp; Food<\/title>\n<meta name=\"robots\" content=\"index, follow, max-snippet:-1, max-image-preview:large, max-video-preview:-1\" \/>\n<link rel=\"canonical\" href=\"https:\/\/culturefoodblog.de\/en\/printversion-lammkeule-marokkanisch\/\" \/>\n<meta property=\"og:locale\" content=\"en_GB\" \/>\n<meta property=\"og:type\" content=\"article\" \/>\n<meta property=\"og:title\" content=\"Printversion - Lammkeule marokkanisch - Culture Food Blog - Familie, Freunde &amp; Food\" \/>\n<meta property=\"og:url\" content=\"https:\/\/culturefoodblog.de\/en\/printversion-lammkeule-marokkanisch\/\" \/>\n<meta property=\"og:site_name\" content=\"Culture Food Blog - Familie, Freunde &amp; Food\" \/>\n<meta property=\"article:publisher\" content=\"https:\/\/www.facebook.com\/culturefoodblog\" \/>\n<meta property=\"article:modified_time\" content=\"2025-04-27T09:44:58+00:00\" \/>\n<meta name=\"twitter:card\" content=\"summary_large_image\" \/>\n<meta name=\"twitter:label1\" content=\"Estimated reading time\" \/>\n\t<meta name=\"twitter:data1\" content=\"5 minutes\" \/>\n<script type=\"application\/ld+json\" class=\"yoast-schema-graph\">{\"@context\":\"https:\/\/schema.org\",\"@graph\":[{\"@type\":\"WebPage\",\"@id\":\"https:\/\/culturefoodblog.de\/printversion-lammkeule-marokkanisch\/\",\"url\":\"https:\/\/culturefoodblog.de\/printversion-lammkeule-marokkanisch\/\",\"name\":\"Printversion - Lammkeule marokkanisch - Culture Food Blog - Familie, Freunde &amp; Food\",\"isPartOf\":{\"@id\":\"https:\/\/culturefoodblog.de\/#website\"},\"datePublished\":\"2025-04-27T09:38:00+00:00\",\"dateModified\":\"2025-04-27T09:44:58+00:00\",\"breadcrumb\":{\"@id\":\"https:\/\/culturefoodblog.de\/printversion-lammkeule-marokkanisch\/#breadcrumb\"},\"inLanguage\":\"en-GB\",\"potentialAction\":[{\"@type\":\"ReadAction\",\"target\":[\"https:\/\/culturefoodblog.de\/printversion-lammkeule-marokkanisch\/\"]}]},{\"@type\":\"BreadcrumbList\",\"@id\":\"https:\/\/culturefoodblog.de\/printversion-lammkeule-marokkanisch\/#breadcrumb\",\"itemListElement\":[{\"@type\":\"ListItem\",\"position\":1,\"name\":\"Startseite\",\"item\":\"https:\/\/culturefoodblog.de\/\"},{\"@type\":\"ListItem\",\"position\":2,\"name\":\"Printversion &#8211; Lammkeule marokkanisch\"}]},{\"@type\":\"WebSite\",\"@id\":\"https:\/\/culturefoodblog.de\/#website\",\"url\":\"https:\/\/culturefoodblog.de\/\",\"name\":\"Culture Food Blog - Familie, Freunde & Food\",\"description\":\"Ein kulinarisches Tagebuch f\u00fcr Genie\u00dfer\",\"potentialAction\":[{\"@type\":\"SearchAction\",\"target\":{\"@type\":\"EntryPoint\",\"urlTemplate\":\"https:\/\/culturefoodblog.de\/?s={search_term_string}\"},\"query-input\":{\"@type\":\"PropertyValueSpecification\",\"valueRequired\":true,\"valueName\":\"search_term_string\"}}],\"inLanguage\":\"en-GB\"}]}<\/script>\n<!-- \/ Yoast SEO plugin. -->","yoast_head_json":{"title":"Printversion - Lammkeule marokkanisch - Culture Food Blog - Familie, Freunde &amp; Food","robots":{"index":"index","follow":"follow","max-snippet":"max-snippet:-1","max-image-preview":"max-image-preview:large","max-video-preview":"max-video-preview:-1"},"canonical":"https:\/\/culturefoodblog.de\/en\/printversion-lammkeule-marokkanisch\/","og_locale":"en_GB","og_type":"article","og_title":"Printversion - Lammkeule marokkanisch - Culture Food Blog - Familie, Freunde &amp; Food","og_url":"https:\/\/culturefoodblog.de\/en\/printversion-lammkeule-marokkanisch\/","og_site_name":"Culture Food Blog - Familie, Freunde &amp; Food","article_publisher":"https:\/\/www.facebook.com\/culturefoodblog","article_modified_time":"2025-04-27T09:44:58+00:00","twitter_card":"summary_large_image","twitter_misc":{"Estimated reading time":"5 minutes"},"schema":{"@context":"https:\/\/schema.org","@graph":[{"@type":"WebPage","@id":"https:\/\/culturefoodblog.de\/printversion-lammkeule-marokkanisch\/","url":"https:\/\/culturefoodblog.de\/printversion-lammkeule-marokkanisch\/","name":"Printversion - Lammkeule marokkanisch - Culture Food Blog - Familie, Freunde &amp; Food","isPartOf":{"@id":"https:\/\/culturefoodblog.de\/#website"},"datePublished":"2025-04-27T09:38:00+00:00","dateModified":"2025-04-27T09:44:58+00:00","breadcrumb":{"@id":"https:\/\/culturefoodblog.de\/printversion-lammkeule-marokkanisch\/#breadcrumb"},"inLanguage":"en-GB","potentialAction":[{"@type":"ReadAction","target":["https:\/\/culturefoodblog.de\/printversion-lammkeule-marokkanisch\/"]}]},{"@type":"BreadcrumbList","@id":"https:\/\/culturefoodblog.de\/printversion-lammkeule-marokkanisch\/#breadcrumb","itemListElement":[{"@type":"ListItem","position":1,"name":"Startseite","item":"https:\/\/culturefoodblog.de\/"},{"@type":"ListItem","position":2,"name":"Printversion &#8211; Lammkeule marokkanisch"}]},{"@type":"WebSite","@id":"https:\/\/culturefoodblog.de\/#website","url":"https:\/\/culturefoodblog.de\/","name":"Culture Food Blog - Familie, Freunde & Food","description":"Ein kulinarisches Tagebuch f\u00fcr Genie\u00dfer","potentialAction":[{"@type":"SearchAction","target":{"@type":"EntryPoint","urlTemplate":"https:\/\/culturefoodblog.de\/?s={search_term_string}"},"query-input":{"@type":"PropertyValueSpecification","valueRequired":true,"valueName":"search_term_string"}}],"inLanguage":"en-GB"}]}},"_links":{"self":[{"href":"https:\/\/culturefoodblog.de\/en\/wp-json\/wp\/v2\/pages\/8666","targetHints":{"allow":["GET"]}}],"collection":[{"href":"https:\/\/culturefoodblog.de\/en\/wp-json\/wp\/v2\/pages"}],"about":[{"href":"https:\/\/culturefoodblog.de\/en\/wp-json\/wp\/v2\/types\/page"}],"author":[{"embeddable":true,"href":"https:\/\/culturefoodblog.de\/en\/wp-json\/wp\/v2\/users\/1"}],"replies":[{"embeddable":true,"href":"https:\/\/culturefoodblog.de\/en\/wp-json\/wp\/v2\/comments?post=8666"}],"version-history":[{"count":4,"href":"https:\/\/culturefoodblog.de\/en\/wp-json\/wp\/v2\/pages\/8666\/revisions"}],"predecessor-version":[{"id":8672,"href":"https:\/\/culturefoodblog.de\/en\/wp-json\/wp\/v2\/pages\/8666\/revisions\/8672"}],"wp:attachment":[{"href":"https:\/\/culturefoodblog.de\/en\/wp-json\/wp\/v2\/media?parent=8666"}],"curies":[{"name":"wp","href":"https:\/\/api.w.org\/{rel}","templated":true}]}}