{"id":3735,"date":"2016-08-12T15:28:07","date_gmt":"2016-08-12T13:28:07","guid":{"rendered":"http:\/\/new.culturefood.org\/?page_id=3735"},"modified":"2025-04-27T08:38:06","modified_gmt":"2025-04-27T06:38:06","slug":"impressum","status":"publish","type":"page","link":"https:\/\/culturefoodblog.de\/en\/impressum\/","title":{"rendered":"Impressum"},"content":{"rendered":"<div class=\"fusion-fullwidth fullwidth-box fusion-builder-row-1 fusion-flex-container has-pattern-background has-mask-background nonhundred-percent-fullwidth non-hundred-percent-height-scrolling\" style=\"--awb-border-radius-top-left:0px;--awb-border-radius-top-right:0px;--awb-border-radius-bottom-right:0px;--awb-border-radius-bottom-left:0px;--awb-flex-wrap:wrap;\" ><div class=\"fusion-builder-row fusion-row fusion-flex-align-items-flex-start fusion-flex-content-wrap\" style=\"max-width:1248px;margin-left: calc(-4% \/ 2 );margin-right: calc(-4% \/ 2 );\"><div class=\"fusion-layout-column fusion_builder_column fusion-builder-column-0 fusion_builder_column_1_1 1_1 fusion-flex-column\" style=\"--awb-bg-size:cover;--awb-width-large:100%;--awb-margin-top-large:10px;--awb-spacing-right-large:1.92%;--awb-margin-bottom-large:10px;--awb-spacing-left-large:1.92%;--awb-width-medium:100%;--awb-order-medium:0;--awb-spacing-right-medium:1.92%;--awb-spacing-left-medium:1.92%;--awb-width-small:100%;--awb-order-small:0;--awb-spacing-right-small:1.92%;--awb-spacing-left-small:1.92%;\"><div class=\"fusion-column-wrapper fusion-column-has-shadow fusion-flex-justify-content-flex-start fusion-content-layout-column\"><div class=\"fusion-text fusion-text-1\"><p>Culture Food Blog<br \/>\nH\u00f6henweg 33<br \/>\nD-69250 Sch\u00f6nau<\/p>\n<p>Tel.: +49 6228 913 9462<br \/>\nE-Mail: post@culturefoodblog.de<\/p>\n<p>CULTURE FOOD ist ein privater Blog ohne kommerzielle Interessen. Die Rezepte enthalten keine Affliliate- oder Partner Links. Produkt- oder Buchempfehlungen, die in Zusammenarbeit mit Verlagen entanden, sind deutlich als Advertorial mit dem Hinweis<em> &#8222;Dieses Buch\/Produkt wurde der Redaktion \u00a0f\u00fcr den Test zur Verf\u00fcgung gestellt. Danach wird es zur\u00fcckgeschickt oder gespendet&#8220;<\/em> gekennzeichnet.<\/p>\n<p>Redakteur und Herausgeber: Cyriacus Schultze<br \/>\nVerantwortlich im Sinne des Presserechts (V.i.S.d.P.): Cyriacus Schultze<\/p>\n<p>Das Impressum gilt auch f\u00fcr unsere Onlinepr\u00e4senzen auf:<br \/>\nFacebook<br \/>\nInstagram<\/p>\n<p>Rezensionsexemplare, Waren- und Mustersendungen senden Sie bitte <span style=\"text-decoration: underline;\">nicht<\/span> an die o.g. Adresse. Die genaue Versandadresse erfragen Sie bitte vorab per Mail unter post@culturefoodblog.de<\/p>\n<\/div><div class=\"fusion-text fusion-text-2\"><p>Quellenangaben f\u00fcr die verwendeten Bilder sofern nicht vom Autor:<br \/>\nhttp:\/\/www.istockphoto.com<br \/>\nhttps:\/\/unsplash.com\/de<br \/>\nQuelle: http:\/\/www.e-recht24.de, Impressum Generator<\/p>\n<p>&nbsp;<\/p>\n<\/div><div class=\"fusion-text fusion-text-3\"><p><strong>Haftungsausschluss (Disclaimer)<\/strong><\/p>\n<p>Haftung f\u00fcr Inhalte<\/p>\n<p>Die Inhalte unserer Seiten wurden mit gr\u00f6\u00dfter Sorgfalt erstellt. F\u00fcr die Richtigkeit, Vollst\u00e4ndigkeit und Aktualit\u00e4t der Inhalte k\u00f6nnen wir jedoch keine Gew\u00e4hr \u00fcbernehmen. Als Diensteanbieter sind wir gem\u00e4\u00df \u00a7 7 Abs.1 TMG f\u00fcr eigene Inhalte auf diesen Seiten nach den allgemeinen Gesetzen verantwortlich. Nach \u00a7\u00a7 8 bis 10 TMG sind wir als Diensteanbieter jedoch nicht verpflichtet, \u00fcbermittelte oder gespeicherte fremde Informationen zu \u00fcberwachen oder nach Umst\u00e4nden zu forschen, die auf eine rechtswidrige T\u00e4tigkeit hinweisen. Verpflichtungen zur Entfernung oder Sperrung der Nutzung von Informationen nach den allgemeinen Gesetzen bleiben hiervon unber\u00fchrt. Eine diesbez\u00fcgliche Haftung ist jedoch erst ab dem Zeitpunkt der Kenntnis einer konkreten Rechtsverletzung m\u00f6glich. Bei Bekanntwerden von entsprechenden Rechtsverletzungen werden wir diese Inhalte umgehend entfernen.<\/p>\n<p>Haftung f\u00fcr Links<\/p>\n<p>Unser Angebot enth\u00e4lt Links zu externen Webseiten Dritter, auf deren Inhalte wir keinen Einfluss haben. Deshalb k\u00f6nnen wir f\u00fcr diese fremden Inhalte auch keine Gew\u00e4hr \u00fcbernehmen. F\u00fcr die Inhalte der verlinkten Seiten ist stets der jeweilige Anbieter oder Betreiber der Seiten verantwortlich. Die verlinkten Seiten wurden zum Zeitpunkt der Verlinkung auf m\u00f6gliche Rechtsverst\u00f6\u00dfe \u00fcberpr\u00fcft. Rechtswidrige Inhalte waren zum Zeitpunkt der Verlinkung nicht erkennbar. Eine permanente inhaltliche Kontrolle der verlinkten Seiten ist jedoch ohne konkrete Anhaltspunkte einer Rechtsverletzung nicht zumutbar. Bei Bekanntwerden von Rechtsverletzungen werden wir derartige Links umgehend entfernen.<\/p>\n<p>Urheberrecht<\/p>\n<p>Die durch die Seitenbetreiber erstellten Inhalte und Werke auf diesen Seiten unterliegen dem deutschen Urheberrecht. Die Vervielf\u00e4ltigung, Bearbeitung, Verbreitung und jede Art der Verwertung au\u00dferhalb der Grenzen des Urheberrechtes bed\u00fcrfen der schriftlichen Zustimmung des jeweiligen Autors bzw. Erstellers. Downloads und Kopien dieser Seite sind nur f\u00fcr den privaten, nicht kommerziellen Gebrauch gestattet. Soweit die Inhalte auf dieser Seite nicht vom Betreiber erstellt wurden, werden die Urheberrechte Dritter beachtet. Insbesondere werden Inhalte Dritter als solche gekennzeichnet. Sollten Sie trotzdem auf eine Urheberrechtsverletzung aufmerksam werden, bitten wir um einen entsprechenden Hinweis. Bei Bekanntwerden von Rechtsverletzungen werden wir derartige Inhalte umgehend entfernen.<\/p>\n<p>Erf\u00fcllungsort und Gerichtsstand<\/p>\n<p>Im Gesch\u00e4ftsverkehr mit Kaufleuten und juristischen Personen des \u00f6ffentlichen Rechts wird als Erf\u00fcllungsort und Gerichtsstand Heidelberg vereinbart.<\/p>\n<p><strong>Datenschutz<\/strong><\/p>\n<p>Unsere Datenschutzerkl\u00e4rung finden Sie \u2192 <a href=\"https:\/\/culturefoodblog.de\/index.php\/datenschutz\/\">hier<\/a><\/p>\n<p>&nbsp;<\/p>\n<\/div><\/div><\/div><\/div><\/div>","protected":false},"excerpt":{"rendered":"","protected":false},"author":1,"featured_media":0,"parent":0,"menu_order":0,"comment_status":"open","ping_status":"open","template":"","meta":{"footnotes":""},"class_list":["post-3735","page","type-page","status-publish","hentry"],"yoast_head":"<!-- This site is optimized with the Yoast SEO plugin v25.4 - https:\/\/yoast.com\/wordpress\/plugins\/seo\/ -->\n<title>Impressum - Culture Food Blog - Familie, Freunde &amp; Food<\/title>\n<meta name=\"robots\" content=\"index, follow, max-snippet:-1, max-image-preview:large, max-video-preview:-1\" \/>\n<link rel=\"canonical\" href=\"https:\/\/culturefoodblog.de\/en\/impressum\/\" \/>\n<meta property=\"og:locale\" content=\"en_GB\" \/>\n<meta property=\"og:type\" content=\"article\" \/>\n<meta property=\"og:title\" content=\"Impressum - Culture Food Blog - Familie, Freunde &amp; Food\" \/>\n<meta property=\"og:url\" content=\"https:\/\/culturefoodblog.de\/en\/impressum\/\" \/>\n<meta property=\"og:site_name\" content=\"Culture Food Blog - Familie, Freunde &amp; Food\" \/>\n<meta property=\"article:publisher\" content=\"https:\/\/www.facebook.com\/culturefoodblog\" \/>\n<meta property=\"article:modified_time\" content=\"2025-04-27T06:38:06+00:00\" \/>\n<meta name=\"twitter:card\" content=\"summary_large_image\" \/>\n<meta name=\"twitter:label1\" content=\"Estimated reading time\" \/>\n\t<meta name=\"twitter:data1\" content=\"9 minutes\" \/>\n<script type=\"application\/ld+json\" class=\"yoast-schema-graph\">{\"@context\":\"https:\/\/schema.org\",\"@graph\":[{\"@type\":\"WebPage\",\"@id\":\"https:\/\/culturefoodblog.de\/impressum\/\",\"url\":\"https:\/\/culturefoodblog.de\/impressum\/\",\"name\":\"Impressum - Culture Food Blog - Familie, Freunde &amp; Food\",\"isPartOf\":{\"@id\":\"https:\/\/culturefoodblog.de\/#website\"},\"datePublished\":\"2016-08-12T13:28:07+00:00\",\"dateModified\":\"2025-04-27T06:38:06+00:00\",\"breadcrumb\":{\"@id\":\"https:\/\/culturefoodblog.de\/impressum\/#breadcrumb\"},\"inLanguage\":\"en-GB\",\"potentialAction\":[{\"@type\":\"ReadAction\",\"target\":[\"https:\/\/culturefoodblog.de\/impressum\/\"]}]},{\"@type\":\"BreadcrumbList\",\"@id\":\"https:\/\/culturefoodblog.de\/impressum\/#breadcrumb\",\"itemListElement\":[{\"@type\":\"ListItem\",\"position\":1,\"name\":\"Startseite\",\"item\":\"https:\/\/culturefoodblog.de\/\"},{\"@type\":\"ListItem\",\"position\":2,\"name\":\"Impressum\"}]},{\"@type\":\"WebSite\",\"@id\":\"https:\/\/culturefoodblog.de\/#website\",\"url\":\"https:\/\/culturefoodblog.de\/\",\"name\":\"Culture Food Blog - Familie, Freunde & Food\",\"description\":\"Ein kulinarisches Tagebuch f\u00fcr Genie\u00dfer\",\"potentialAction\":[{\"@type\":\"SearchAction\",\"target\":{\"@type\":\"EntryPoint\",\"urlTemplate\":\"https:\/\/culturefoodblog.de\/?s={search_term_string}\"},\"query-input\":{\"@type\":\"PropertyValueSpecification\",\"valueRequired\":true,\"valueName\":\"search_term_string\"}}],\"inLanguage\":\"en-GB\"}]}<\/script>\n<!-- \/ Yoast SEO plugin. -->","yoast_head_json":{"title":"Impressum - Culture Food Blog - Familie, Freunde &amp; Food","robots":{"index":"index","follow":"follow","max-snippet":"max-snippet:-1","max-image-preview":"max-image-preview:large","max-video-preview":"max-video-preview:-1"},"canonical":"https:\/\/culturefoodblog.de\/en\/impressum\/","og_locale":"en_GB","og_type":"article","og_title":"Impressum - Culture Food Blog - Familie, Freunde &amp; Food","og_url":"https:\/\/culturefoodblog.de\/en\/impressum\/","og_site_name":"Culture Food Blog - Familie, Freunde &amp; Food","article_publisher":"https:\/\/www.facebook.com\/culturefoodblog","article_modified_time":"2025-04-27T06:38:06+00:00","twitter_card":"summary_large_image","twitter_misc":{"Estimated reading time":"9 minutes"},"schema":{"@context":"https:\/\/schema.org","@graph":[{"@type":"WebPage","@id":"https:\/\/culturefoodblog.de\/impressum\/","url":"https:\/\/culturefoodblog.de\/impressum\/","name":"Impressum - Culture Food Blog - Familie, Freunde &amp; Food","isPartOf":{"@id":"https:\/\/culturefoodblog.de\/#website"},"datePublished":"2016-08-12T13:28:07+00:00","dateModified":"2025-04-27T06:38:06+00:00","breadcrumb":{"@id":"https:\/\/culturefoodblog.de\/impressum\/#breadcrumb"},"inLanguage":"en-GB","potentialAction":[{"@type":"ReadAction","target":["https:\/\/culturefoodblog.de\/impressum\/"]}]},{"@type":"BreadcrumbList","@id":"https:\/\/culturefoodblog.de\/impressum\/#breadcrumb","itemListElement":[{"@type":"ListItem","position":1,"name":"Startseite","item":"https:\/\/culturefoodblog.de\/"},{"@type":"ListItem","position":2,"name":"Impressum"}]},{"@type":"WebSite","@id":"https:\/\/culturefoodblog.de\/#website","url":"https:\/\/culturefoodblog.de\/","name":"Culture Food Blog - Familie, Freunde & Food","description":"Ein kulinarisches Tagebuch f\u00fcr Genie\u00dfer","potentialAction":[{"@type":"SearchAction","target":{"@type":"EntryPoint","urlTemplate":"https:\/\/culturefoodblog.de\/?s={search_term_string}"},"query-input":{"@type":"PropertyValueSpecification","valueRequired":true,"valueName":"search_term_string"}}],"inLanguage":"en-GB"}]}},"_links":{"self":[{"href":"https:\/\/culturefoodblog.de\/en\/wp-json\/wp\/v2\/pages\/3735","targetHints":{"allow":["GET"]}}],"collection":[{"href":"https:\/\/culturefoodblog.de\/en\/wp-json\/wp\/v2\/pages"}],"about":[{"href":"https:\/\/culturefoodblog.de\/en\/wp-json\/wp\/v2\/types\/page"}],"author":[{"embeddable":true,"href":"https:\/\/culturefoodblog.de\/en\/wp-json\/wp\/v2\/users\/1"}],"replies":[{"embeddable":true,"href":"https:\/\/culturefoodblog.de\/en\/wp-json\/wp\/v2\/comments?post=3735"}],"version-history":[{"count":18,"href":"https:\/\/culturefoodblog.de\/en\/wp-json\/wp\/v2\/pages\/3735\/revisions"}],"predecessor-version":[{"id":8631,"href":"https:\/\/culturefoodblog.de\/en\/wp-json\/wp\/v2\/pages\/3735\/revisions\/8631"}],"wp:attachment":[{"href":"https:\/\/culturefoodblog.de\/en\/wp-json\/wp\/v2\/media?parent=3735"}],"curies":[{"name":"wp","href":"https:\/\/api.w.org\/{rel}","templated":true}]}}